{"id":5214,"date":"2026-01-27T23:39:30","date_gmt":"2026-01-28T03:39:30","guid":{"rendered":"https:\/\/importadoranicholson.com\/wp\/?post_type=product&#038;p=5214"},"modified":"2026-02-05T18:01:16","modified_gmt":"2026-02-05T22:01:16","slug":"manguera-goma-presion-la-paz-bolivia","status":"publish","type":"product","link":"https:\/\/importadoranicholson.com\/wp\/producto\/manguera-goma-presion-la-paz-bolivia\/","title":{"rendered":"Manguera de goma alta presion"},"content":{"rendered":"<p>Manguera de goma alta presion<br \/>\ncon refuerzo de 2 lonas<br \/>\n300 PSI<\/p>\n<p>CONSTRUCCION:<br \/>\nTubo : Compuesto de Caucho negro, liso, NR, SBR.<br \/>\nRefuerzo :Multiplica fibra sint\u00e9tica<\/p>\n<p>cubierta: negro liso de caucho SBR<\/p>\n<p>Resistente a la intemperie y al\u00a0 ozono<\/p>\n<p>presi\u00f3n de trabajo flexible y alta<\/p>\n<p>Excelente para condiciones de trabajo dif\u00edciles , dise\u00f1ado para agua y fluidos no corrosivos utilizados en la construcci\u00f3n, minas y trabajo ligeros industriales<\/p>\n<p>COLORES : NEGRO (3\/16&#8243; hasta 2&#8243;, AMARILLO ROJO (1\/4&#8243; hasta 1&#8243;\u00a0 seg\u00fan a\u00a0 pedido<\/p>\n<p>IMPORTADORA NICHOLSON<br \/>\nDISTRIBUIDOR AUTORIZADO<\/p>\n<p>&nbsp;<\/p>\n","protected":false},"excerpt":{"rendered":"<p>Manguera de goma alta presion con refuerzo de 2 lonas 300 PSI CONSTRUCCION: Tubo : Compuesto de Caucho negro, liso, NR, SBR. Refuerzo :Multiplica fibra sint\u00e9tica cubierta: negro liso de caucho SBR Resistente a la intemperie y al\u00a0 ozono presi\u00f3n de trabajo flexible y alta Excelente para condiciones de trabajo dif\u00edciles , dise\u00f1ado para agua &hellip;<\/p>\n<p class=\"read-more\"> <a class=\"\" href=\"https:\/\/importadoranicholson.com\/wp\/producto\/manguera-goma-presion-la-paz-bolivia\/\"> <span class=\"screen-reader-text\">Manguera de goma alta presion<\/span> Leer m\u00e1s &raquo;<\/a><\/p>\n","protected":false},"featured_media":5207,"template":"","meta":{"_uag_custom_page_level_css":"","site-sidebar-layout":"default","site-content-layout":"default","ast-global-header-display":"","ast-main-header-display":"","ast-hfb-above-header-display":"","ast-hfb-below-header-display":"","ast-hfb-mobile-header-display":"","site-post-title":"","ast-breadcrumbs-content":"","ast-featured-img":"","footer-sml-layout":"","theme-transparent-header-meta":"default","adv-header-id-meta":"","stick-header-meta":"","header-above-stick-meta":"","header-main-stick-meta":"","header-below-stick-meta":""},"product_cat":[34,39],"product_tag":[236,90,88,234,189,89,235],"class_list":{"0":"post-5214","1":"product","2":"type-product","3":"status-publish","4":"has-post-thumbnail","6":"product_cat-ferreteria","7":"product_cat-mineria","8":"product_tag-alta","9":"product_tag-bolivia","10":"product_tag-la","11":"product_tag-manguera","12":"product_tag-nicholson","13":"product_tag-paz","14":"product_tag-presion","15":"desktop-align-left","16":"tablet-align-left","17":"mobile-align-left","19":"first","20":"instock","21":"shipping-taxable","22":"purchasable","23":"product-type-simple"},"uagb_featured_image_src":{"full":["https:\/\/importadoranicholson.com\/wp\/wp-content\/uploads\/2026\/01\/manguera-de-jebe-y-lona.jpg",700,400,false],"thumbnail":["https:\/\/importadoranicholson.com\/wp\/wp-content\/uploads\/2026\/01\/manguera-de-jebe-y-lona-150x150.jpg",150,150,true],"medium":["https:\/\/importadoranicholson.com\/wp\/wp-content\/uploads\/2026\/01\/manguera-de-jebe-y-lona-300x171.jpg",300,171,true],"medium_large":["https:\/\/importadoranicholson.com\/wp\/wp-content\/uploads\/2026\/01\/manguera-de-jebe-y-lona.jpg",700,400,false],"large":["https:\/\/importadoranicholson.com\/wp\/wp-content\/uploads\/2026\/01\/manguera-de-jebe-y-lona.jpg",700,400,false],"1536x1536":["https:\/\/importadoranicholson.com\/wp\/wp-content\/uploads\/2026\/01\/manguera-de-jebe-y-lona.jpg",700,400,false],"2048x2048":["https:\/\/importadoranicholson.com\/wp\/wp-content\/uploads\/2026\/01\/manguera-de-jebe-y-lona.jpg",700,400,false],"woocommerce_thumbnail":["https:\/\/importadoranicholson.com\/wp\/wp-content\/uploads\/2026\/01\/manguera-de-jebe-y-lona-300x300.jpg",300,300,true],"woocommerce_single":["https:\/\/importadoranicholson.com\/wp\/wp-content\/uploads\/2026\/01\/manguera-de-jebe-y-lona-600x343.jpg",600,343,true],"woocommerce_gallery_thumbnail":["https:\/\/importadoranicholson.com\/wp\/wp-content\/uploads\/2026\/01\/manguera-de-jebe-y-lona-100x100.jpg",100,100,true]},"uagb_author_info":{"display_name":"Hugo Gandarillas","author_link":"https:\/\/importadoranicholson.com\/wp\/author\/"},"uagb_comment_info":0,"uagb_excerpt":"Manguera de goma alta presion con refuerzo de 2 lonas 300 PSI CONSTRUCCION: Tubo : Compuesto de Caucho negro, liso, NR, SBR. Refuerzo :Multiplica fibra sint\u00e9tica cubierta: negro liso de caucho SBR Resistente a la intemperie y al\u00a0 ozono presi\u00f3n de trabajo flexible y alta Excelente para condiciones de trabajo dif\u00edciles , dise\u00f1ado para agua&hellip;","_links":{"self":[{"href":"https:\/\/importadoranicholson.com\/wp\/wp-json\/wp\/v2\/product\/5214","targetHints":{"allow":["GET"]}}],"collection":[{"href":"https:\/\/importadoranicholson.com\/wp\/wp-json\/wp\/v2\/product"}],"about":[{"href":"https:\/\/importadoranicholson.com\/wp\/wp-json\/wp\/v2\/types\/product"}],"wp:featuredmedia":[{"embeddable":true,"href":"https:\/\/importadoranicholson.com\/wp\/wp-json\/wp\/v2\/media\/5207"}],"wp:attachment":[{"href":"https:\/\/importadoranicholson.com\/wp\/wp-json\/wp\/v2\/media?parent=5214"}],"wp:term":[{"taxonomy":"product_cat","embeddable":true,"href":"https:\/\/importadoranicholson.com\/wp\/wp-json\/wp\/v2\/product_cat?post=5214"},{"taxonomy":"product_tag","embeddable":true,"href":"https:\/\/importadoranicholson.com\/wp\/wp-json\/wp\/v2\/product_tag?post=5214"}],"curies":[{"name":"wp","href":"https:\/\/api.w.org\/{rel}","templated":true}]}}