{"id":4798,"date":"2023-05-02T20:33:41","date_gmt":"2023-05-03T00:33:41","guid":{"rendered":"https:\/\/www.nicholsonimport.com\/?post_type=product&#038;p=4798"},"modified":"2024-10-22T15:39:32","modified_gmt":"2024-10-22T19:39:32","slug":"martillo-carpinntero-truper-16-onzas","status":"publish","type":"product","link":"https:\/\/importadoranicholson.com\/wp\/producto\/martillo-carpinntero-truper-16-onzas\/","title":{"rendered":"MARTILLO TRUPER MANGO DE MADERA 16 ONZ."},"content":{"rendered":"<p>Martillo truper mango de madera para carpinteria de 16 onzas<\/p>\n<p>Martillo de 16 onzas Truper con mango de madera de encino lijado finamente para evitar accidentes con astillas, cuenta con textura grabada con l\u00e1ser que mejora el agarre en cada golpeteo. Su cabeza est\u00e1 pulida y forjada en acero de alto carbono, material que brinda una mayor resistencia durante el uso, su peso ofrece un manejo sencillo y un golpe preciso. La uni\u00f3n de la cu\u00f1a expansiva evita su f\u00e1cil desprendimiento, cuenta con u\u00f1a para aflojar clavos.<\/p>\n<div class=\"MuiBox-root jss334 sc-dUipGc sSPP sc-ddsBQL bCUkQq background-especificacion-g\">\n<div class=\"MuiBox-root jss335 sc-dUipGc sSPP sc-ddsBQL bCUkQq\">\n<p id=\"attName-acabado\" class=\"MuiTypography-root sc-hsWlPz juosUc sc-fgrRzZ gxaZNK attName-acabado MuiTypography-body1\">Acabado:<span style=\"font-size: 16px;\">Semi brillante<\/span><\/p>\n<\/div>\n<div class=\"MuiBox-root jss337 sc-dUipGc sSPP sc-ddsBQL bCUkQq\">\n<p id=\"attName-alto\" class=\"MuiTypography-root sc-hsWlPz juosUc sc-fgrRzZ gxaZNK attName-alto MuiTypography-body1\">Alto:<span style=\"font-size: 16px;\">32.9 cm<\/span><\/p>\n<\/div>\n<div class=\"MuiBox-root jss339 sc-dUipGc sSPP sc-ddsBQL bCUkQq\">\n<p id=\"attName-ancho\" class=\"MuiTypography-root sc-hsWlPz juosUc sc-fgrRzZ gxaZNK attName-ancho MuiTypography-body1\">Ancho:<span style=\"font-size: 16px;\">13.7 cm<\/span><\/p>\n<\/div>\n<\/div>\n<div class=\"MuiBox-root jss341 sc-dUipGc sSPP sc-ddsBQL bCUkQq background-especificacion-w\">\n<div class=\"MuiBox-root jss342 sc-dUipGc sSPP sc-ddsBQL bCUkQq\">\n<p id=\"attName-color\" class=\"MuiTypography-root sc-hsWlPz juosUc sc-fgrRzZ gxaZNK attName-color MuiTypography-body1\">Color:<span style=\"font-size: 16px;\">Plata<\/span><\/p>\n<\/div>\n<div class=\"MuiBox-root jss344 sc-dUipGc sSPP sc-ddsBQL bCUkQq\">\n<p id=\"attName-diametro\" class=\"MuiTypography-root sc-hsWlPz juosUc sc-fgrRzZ gxaZNK attName-diametro MuiTypography-body1\">Di\u00e1metro:<span style=\"font-size: 16px;\">0 cm<\/span><\/p>\n<\/div>\n<div class=\"MuiBox-root jss346 sc-dUipGc sSPP sc-ddsBQL bCUkQq\">\n<p id=\"attName-espesor\" class=\"MuiTypography-root sc-hsWlPz juosUc sc-fgrRzZ gxaZNK attName-espesor MuiTypography-body1\">Espesor:<span style=\"font-size: 16px;\">0 mm<\/span><\/p>\n<\/div>\n<\/div>\n<div class=\"MuiBox-root jss348 sc-dUipGc sSPP sc-ddsBQL bCUkQq background-especificacion-g\">\n<div class=\"MuiBox-root jss351 sc-dUipGc sSPP sc-ddsBQL bCUkQq\">\n<p id=\"attName-largo\" class=\"MuiTypography-root sc-hsWlPz juosUc sc-fgrRzZ gxaZNK attName-largo MuiTypography-body1\">Largo:<span style=\"font-size: 16px;\">32.9 cm<\/span><\/p>\n<\/div>\n<div class=\"MuiBox-root jss353 sc-dUipGc sSPP sc-ddsBQL bCUkQq\">\n<p id=\"attName-material\" class=\"MuiTypography-root sc-hsWlPz juosUc sc-fgrRzZ gxaZNK attName-material MuiTypography-body1\">Material:<span style=\"font-size: 16px;\">Acero<\/span><\/p>\n<\/div>\n<\/div>\n<div class=\"MuiBox-root jss355 sc-dUipGc sSPP sc-ddsBQL bCUkQq background-especificacion-w\">\n<div class=\"MuiBox-root jss358 sc-dUipGc sSPP sc-ddsBQL bCUkQq\">\n<p id=\"attName-no-de-piezas\" class=\"MuiTypography-root sc-hsWlPz juosUc sc-fgrRzZ gxaZNK attName-no-de-piezas MuiTypography-body1\">No. de piezas:<span style=\"font-size: 16px;\">1<\/span><\/p>\n<\/div>\n<div class=\"MuiBox-root jss360 sc-dUipGc sSPP sc-ddsBQL bCUkQq\">\n<p id=\"attName-peso\" class=\"MuiTypography-root sc-hsWlPz juosUc sc-fgrRzZ gxaZNK attName-peso MuiTypography-body1\">Peso:<span style=\"font-size: 16px;\">0.64 kg<\/span><\/p>\n<\/div>\n<\/div>\n<div class=\"MuiBox-root jss362 sc-dUipGc sSPP sc-ddsBQL bCUkQq background-especificacion-g\">\n<div class=\"MuiBox-root jss363 sc-dUipGc sSPP sc-ddsBQL bCUkQq\">\n<p id=\"attName-profundidad\" class=\"MuiTypography-root sc-hsWlPz juosUc sc-fgrRzZ gxaZNK attName-profundidad MuiTypography-body1\">Profundidad:<span style=\"font-size: 16px;\">3 cm<\/span><\/p>\n<\/div>\n<div class=\"MuiBox-root jss365 sc-dUipGc sSPP sc-ddsBQL bCUkQq\">\n<p id=\"attName-tipo\" class=\"MuiTypography-root sc-hsWlPz juosUc sc-fgrRzZ gxaZNK attName-tipo MuiTypography-body1\">Tipo:<span style=\"font-size: 16px;\">Con u\u00f1a<\/span><\/p>\n<\/div>\n<\/div>\n","protected":false},"excerpt":{"rendered":"<p>Martillo truper mango de madera para carpinteria de 16 onzas Martillo de 16 onzas Truper con mango de madera de encino lijado finamente para evitar accidentes con astillas, cuenta con textura grabada con l\u00e1ser que mejora el agarre en cada golpeteo. Su cabeza est\u00e1 pulida y forjada en acero de alto carbono, material que brinda &hellip;<\/p>\n<p class=\"read-more\"> <a class=\"\" href=\"https:\/\/importadoranicholson.com\/wp\/producto\/martillo-carpinntero-truper-16-onzas\/\"> <span class=\"screen-reader-text\">MARTILLO TRUPER MANGO DE MADERA 16 ONZ.<\/span> Leer m\u00e1s &raquo;<\/a><\/p>\n","protected":false},"featured_media":5106,"template":"","meta":{"_uag_custom_page_level_css":"","site-sidebar-layout":"default","site-content-layout":"default","ast-global-header-display":"","ast-main-header-display":"","ast-hfb-above-header-display":"","ast-hfb-below-header-display":"","ast-hfb-mobile-header-display":"","site-post-title":"","ast-breadcrumbs-content":"","ast-featured-img":"","footer-sml-layout":"","theme-transparent-header-meta":"default","adv-header-id-meta":"","stick-header-meta":"","header-above-stick-meta":"","header-main-stick-meta":"","header-below-stick-meta":""},"product_cat":[34],"product_tag":[74,73,70],"class_list":{"0":"post-4798","1":"product","2":"type-product","3":"status-publish","4":"has-post-thumbnail","6":"product_cat-ferreteria","7":"product_tag-carpintero","8":"product_tag-martillo","9":"product_tag-truper","10":"desktop-align-left","11":"tablet-align-left","12":"mobile-align-left","14":"first","15":"instock","16":"shipping-taxable","17":"purchasable","18":"product-type-simple"},"uagb_featured_image_src":{"full":["https:\/\/importadoranicholson.com\/wp\/wp-content\/uploads\/2023\/05\/martillo2.jpg",225,225,false],"thumbnail":["https:\/\/importadoranicholson.com\/wp\/wp-content\/uploads\/2023\/05\/martillo2-150x150.jpg",150,150,true],"medium":["https:\/\/importadoranicholson.com\/wp\/wp-content\/uploads\/2023\/05\/martillo2.jpg",225,225,false],"medium_large":["https:\/\/importadoranicholson.com\/wp\/wp-content\/uploads\/2023\/05\/martillo2.jpg",225,225,false],"large":["https:\/\/importadoranicholson.com\/wp\/wp-content\/uploads\/2023\/05\/martillo2.jpg",225,225,false],"1536x1536":["https:\/\/importadoranicholson.com\/wp\/wp-content\/uploads\/2023\/05\/martillo2.jpg",225,225,false],"2048x2048":["https:\/\/importadoranicholson.com\/wp\/wp-content\/uploads\/2023\/05\/martillo2.jpg",225,225,false],"woocommerce_thumbnail":["https:\/\/importadoranicholson.com\/wp\/wp-content\/uploads\/2023\/05\/martillo2.jpg",225,225,false],"woocommerce_single":["https:\/\/importadoranicholson.com\/wp\/wp-content\/uploads\/2023\/05\/martillo2.jpg",225,225,false],"woocommerce_gallery_thumbnail":["https:\/\/importadoranicholson.com\/wp\/wp-content\/uploads\/2023\/05\/martillo2-100x100.jpg",100,100,true]},"uagb_author_info":{"display_name":"Hugo Gandarillas","author_link":"https:\/\/importadoranicholson.com\/wp\/author\/"},"uagb_comment_info":0,"uagb_excerpt":"Martillo truper mango de madera para carpinteria de 16 onzas Martillo de 16 onzas Truper con mango de madera de encino lijado finamente para evitar accidentes con astillas, cuenta con textura grabada con l\u00e1ser que mejora el agarre en cada golpeteo. Su cabeza est\u00e1 pulida y forjada en acero de alto carbono, material que brinda&hellip;","_links":{"self":[{"href":"https:\/\/importadoranicholson.com\/wp\/wp-json\/wp\/v2\/product\/4798","targetHints":{"allow":["GET"]}}],"collection":[{"href":"https:\/\/importadoranicholson.com\/wp\/wp-json\/wp\/v2\/product"}],"about":[{"href":"https:\/\/importadoranicholson.com\/wp\/wp-json\/wp\/v2\/types\/product"}],"wp:featuredmedia":[{"embeddable":true,"href":"https:\/\/importadoranicholson.com\/wp\/wp-json\/wp\/v2\/media\/5106"}],"wp:attachment":[{"href":"https:\/\/importadoranicholson.com\/wp\/wp-json\/wp\/v2\/media?parent=4798"}],"wp:term":[{"taxonomy":"product_cat","embeddable":true,"href":"https:\/\/importadoranicholson.com\/wp\/wp-json\/wp\/v2\/product_cat?post=4798"},{"taxonomy":"product_tag","embeddable":true,"href":"https:\/\/importadoranicholson.com\/wp\/wp-json\/wp\/v2\/product_tag?post=4798"}],"curies":[{"name":"wp","href":"https:\/\/api.w.org\/{rel}","templated":true}]}}